{"id":63,"date":"2023-01-20T14:31:09","date_gmt":"2023-01-20T14:31:09","guid":{"rendered":"https:\/\/preview.treethemes.com\/resonance\/demo1\/?page_id=5"},"modified":"2026-02-22T11:14:10","modified_gmt":"2026-02-22T11:14:10","slug":"miljovanlig-enkel-isolering","status":"publish","type":"page","link":"https:\/\/rolloninsulation.se\/en\/","title":{"rendered":"Home"},"content":{"rendered":"<div class=\"wpb-content-wrapper\"><div data-vc-full-width=\"true\" data-vc-full-width-init=\"false\" class=\"vc_row wpb_row vc_row-fluid vc_column-gap-35 vc_row-o-full-height vc_row-o-columns-middle vc_row-o-equal-height vc_row-o-content-top vc_row-flex\"><div class=\"wpb_column vc_column_container vc_col-sm-2\/5\"><div class=\"vc_column-inner\"><div class=\"wpb_wrapper\"><div data-rellax-speed=\"0.7\" data-rellax-percentage=\"0.7\" class=\"vc_row wpb_row vc_inner vc_row-fluid vc_row-o-content-middle vc_row-flex\"><div class=\"wpb_column vc_column_container vc_col-sm-12\"><div class=\"vc_column-inner\"><div class=\"wpb_wrapper\"><div class=\"ult-spacer spacer-69e608c7c5231\" data-id=\"69e608c7c5231\" data-height=\"50\" data-height-mobile=\"40\" data-height-tab=\"\" data-height-tab-portrait=\"\" data-height-mobile-landscape=\"0\" style=\"clear:both;display:block;\"><\/div><div class=\"vc_empty_space\"   style=\"height: 52px\"><span class=\"vc_empty_space_inner\"><\/span><\/div><h6 style=\"text-align: center\" class=\"vc_custom_heading\" ><div class=\"ifanimatedborder\">Replaces 20-27cm of traditional insulation <b class=\"mark-decoration-3 wow scalexIn animated\" data-wow-delay=\"1s\" style=\"visibility: visible; animation-delay: 1s; animation-name: scalexIn; opacity: 1;\"><\/b><\/div><\/h6><\/div><\/div><\/div><\/div><div class=\"vc_empty_space\"   style=\"height: 30px\"><span class=\"vc_empty_space_inner\"><\/span><\/div><div class=\"ult-content-box-container\" >\t\t<div class=\"ult-content-box\" style=\"-webkit-transition: all 700ms ease;-moz-transition: all 700ms ease;-ms-transition: all 700ms ease;-o-transition: all 700ms ease;transition: all 700ms ease;\"    >\t\t<\/div><\/div><div class=\"ult-spacer spacer-69e608c7c5b67\" data-id=\"69e608c7c5b67\" data-height=\"25\" data-height-mobile=\"10\" data-height-tab=\"\" data-height-tab-portrait=\"\" data-height-mobile-landscape=\"0\" style=\"clear:both;display:block;\"><\/div><div class=\"ult-content-box-container\" >\t\t<div class=\"ult-content-box\" style=\"box-shadow: px px px px none;margin-right:40px;-webkit-transition: all 700ms ease;-moz-transition: all 700ms ease;-ms-transition: all 700ms ease;-o-transition: all 700ms ease;transition: all 700ms ease;\"  data-hover_box_shadow=\"none\"   data-responsive_margins=\"margin:0px;\"   data-normal_margins=\"margin-right:40px;\"  ><div class=\"ult-animation  ult-animate-viewport  ult-no-mobile\" data-animate=\"fadeInUp\" data-animation-delay=\"1.5\" data-animation-duration=\"1\" data-animation-iteration=\"1\" style=\"opacity:0;\" data-opacity_start_effect=\"\"><p style=\"font-size: 1.1em;line-height: 1.2em;text-align: left\" class=\"vc_custom_heading\" >Replace traditional thick insulation with a smooth roll-on method. Unlike mineral wool or polystyrene, which only delay energy transfer, this application blocks energy through reflection and microscopic vacuum spheres.<\/p><\/div>\t\t<\/div><\/div><div class=\"ult-spacer spacer-69e608c7c5c59\" data-id=\"69e608c7c5c59\" data-height=\"45\" data-height-mobile=\"20\" data-height-tab=\"\" data-height-tab-portrait=\"\" data-height-mobile-landscape=\"0\" style=\"clear:both;display:block;\"><\/div><div class=\"vc_empty_space\"   style=\"height: 0px\"><span class=\"vc_empty_space_inner\"><\/span><\/div><div class=\"ult-animation  ult-animate-viewport  ult-no-mobile\" data-animate=\"fadeInUpShort\" data-animation-delay=\"1.55\" data-animation-duration=\"1\" data-animation-iteration=\"1\" style=\"opacity:0;\" data-opacity_start_effect=\"\"><div class=\"vc_btn3-container  nav-to vc_btn3-left\" ><a style=\"background-color:#8394ad; color:#ffffff;\" class=\"vc_general vc_btn3 vc_btn3-size-md vc_btn3-shape-rounded vc_btn3-style-custom\" href=\"#section_page-7461\" title=\"See Video\">L\u00e4s mer<\/a><\/div><\/div><div class=\"ult-spacer spacer-69e608c7c60e6\" data-id=\"69e608c7c60e6\" data-height=\"25\" data-height-mobile=\"0\" data-height-tab=\"\" data-height-tab-portrait=\"\" data-height-mobile-landscape=\"0\" style=\"clear:both;display:block;\"><\/div><div class=\"smile-icon-timeline-wrap csstime\"     style=\"\"><div class=\"timeline-line\" style=\"border-right-color:;\"><span><\/span><\/div><div class=\"timeline-wrapper\"><div class=\"timeline-block\"><div class=\"timeline-dot\"><\/div><div class=\"ult-timeline-arrow\"><s><\/s><l><\/l><\/div><div class=\"timeline-icon-block\"><div class=\"ult-timeline-icon tl-icon-no-bg\" style=\"   \"><\/div> <!-- icon --><\/div><div class=\"timeline-header-block\" >\n\t\t\t\t\t\t\t<div id=\"timeline-item-4653\" class=\"timeline-header\" style=\"\"><h3 class=\"ult-timeline-title ult-responsive\"  data-ultimate-target='#timeline-item-4653 .ult-timeline-title'  data-responsive-json-new='{\"font-size\":\"\",\"line-height\":\"\"}'  style=\"\">Showcase &amp; Live demo<\/h3><div class=\"ult-responsive timeline-item-spt\"  data-ultimate-target='#timeline-item-4653 .timeline-item-spt'  data-responsive-json-new='{\"font-size\":\"\",\"line-height\":\"\"}'  style=\"text-decoration:underline;font-weight:normal;\">Nordbygg 21-24 april 2026<\/div><\/div> <!-- header --><\/div><\/div><\/div><\/div><div class=\"vc_empty_space\"   style=\"height: 40px\"><span class=\"vc_empty_space_inner\"><\/span><\/div><\/div><\/div><\/div><div class=\"wpb_column vc_column_container vc_col-sm-3\/5\"><div class=\"vc_column-inner\"><div class=\"wpb_wrapper\"><div data-rellax-speed=\"0.7\" data-rellax-percentage=\"0.7\" class=\"vc_row wpb_row vc_inner vc_row-fluid vc_row-o-equal-height vc_row-o-content-middle vc_row-flex\"><div class=\"wpb_column vc_column_container vc_col-sm-3\"><div class=\"vc_column-inner\"><div class=\"wpb_wrapper\">\n<div id=\"interactive-banner-1-wrap-4487\" class=\"ult-banner-block ult-adjust-bottom-margin ult-bb-none  banner-style01\"   style=\"\">\n\t<img decoding=\"async\" src=\"https:\/\/rolloninsulation.se\/wp-content\/uploads\/2025\/12\/Videobilder-roll-on-insulation-1.webp\" alt=\"Videobilder-roll-on-insulation-1.webp\">\n\t<div class=\"mask opaque-background\" style=\"background:rgba(0,0,0,0.01);\">\n\t\t<div  data-ultimate-target='#interactive-banner-1-wrap-4487 .bb-description'  data-responsive-json-new='{\"font-size\":\"\",\"line-height\":\"\"}'  class=\"bb-description ult-responsive\" style=\"font-weight:normal;color:#ffffff;\"><\/div>\n\t<\/div>\n<\/div><\/div><\/div><\/div><div class=\"wpb_column vc_column_container vc_col-sm-6\"><div class=\"vc_column-inner\"><div class=\"wpb_wrapper\"><div class=\"vc_empty_space\"   style=\"height: 50px\"><span class=\"vc_empty_space_inner\"><\/span><\/div>\n\t<div class=\"wpb_raw_code wpb_content_element wpb_raw_html\" >\n\t\t<div class=\"wpb_wrapper\">\n\t\t\t<div style=\"border-radius: 15px; overflow: hidden; max-width: 280px; margin: 0 auto;\">\n<div style=\"width: 280px;\" class=\"wp-video\"><video class=\"wp-video-shortcode\" id=\"video-63-1\" width=\"280\" height=\"554\" loop autoplay muted preload=\"auto\" controls=\"controls\"><source type=\"video\/mp4\" src=\"https:\/\/rolloninsulation.se\/wp-content\/uploads\/2026\/02\/Roll-on-snabbNY.mp4?_=1\" \/><a href=\"https:\/\/rolloninsulation.se\/wp-content\/uploads\/2026\/02\/Roll-on-snabbNY.mp4\">https:\/\/rolloninsulation.se\/wp-content\/uploads\/2026\/02\/Roll-on-snabbNY.mp4<\/a><\/video><\/div>\n<\/div>\n\t\t<\/div>\n\t<\/div>\n<\/div><\/div><\/div><div class=\"wpb_column vc_column_container vc_col-sm-3\"><div class=\"vc_column-inner\"><div class=\"wpb_wrapper\"><\/div><\/div><\/div><\/div><\/div><\/div><\/div><\/div><div class=\"vc_row-full-width vc_clearfix\"><\/div><!-- Row Backgrounds -->\n<\/div>","protected":false},"excerpt":{"rendered":"Ers\u00e4tter 20-27cm traditionell isolering Ers\u00e4tt traditionell tjock isolering, med en smidig roll on metod. Till skillnad fr\u00e5n mineralull eller cellplast som bara f\u00f6rdr\u00f6jer energi\u00f6verf\u00f6ring, blockerar denna applicering energin genom reflektion och mikroskopiska vakuumsf\u00e4rer. L\u00e4s mer Showcase &amp; Live demoNordbygg 21-24 april 2026 https:\/\/rolloninsulation.se\/wp-content\/uploads\/2026\/02\/Roll-on-snabbNY.mp4","protected":false},"author":1,"featured_media":0,"parent":0,"menu_order":0,"comment_status":"closed","ping_status":"closed","template":"template-home.php","meta":{"footnotes":""},"class_list":["post-63","page","type-page","status-publish","hentry"],"_links":{"self":[{"href":"https:\/\/rolloninsulation.se\/en\/wp-json\/wp\/v2\/pages\/63","targetHints":{"allow":["GET"]}}],"collection":[{"href":"https:\/\/rolloninsulation.se\/en\/wp-json\/wp\/v2\/pages"}],"about":[{"href":"https:\/\/rolloninsulation.se\/en\/wp-json\/wp\/v2\/types\/page"}],"author":[{"embeddable":true,"href":"https:\/\/rolloninsulation.se\/en\/wp-json\/wp\/v2\/users\/1"}],"replies":[{"embeddable":true,"href":"https:\/\/rolloninsulation.se\/en\/wp-json\/wp\/v2\/comments?post=63"}],"version-history":[{"count":187,"href":"https:\/\/rolloninsulation.se\/en\/wp-json\/wp\/v2\/pages\/63\/revisions"}],"predecessor-version":[{"id":8797,"href":"https:\/\/rolloninsulation.se\/en\/wp-json\/wp\/v2\/pages\/63\/revisions\/8797"}],"wp:attachment":[{"href":"https:\/\/rolloninsulation.se\/en\/wp-json\/wp\/v2\/media?parent=63"}],"curies":[{"name":"wp","href":"https:\/\/api.w.org\/{rel}","templated":true}]}}